{"id":30278,"date":"2019-10-03T18:23:19","date_gmt":"2019-10-03T16:23:19","guid":{"rendered":"http:\/\/204.155.31.157\/?page_id=30278"},"modified":"2019-10-03T20:53:05","modified_gmt":"2019-10-03T18:53:05","slug":"der-club","status":"publish","type":"page","link":"https:\/\/comodo-mainz.de\/?page_id=30278","title":{"rendered":"Der Club"},"content":{"rendered":"<p>[et_pb_section fb_built=&#8220;1&#8243; _builder_version=&#8220;3.29.3&#8243; use_background_color_gradient=&#8220;on&#8220; background_color_gradient_start=&#8220;#ffffff&#8220; background_color_gradient_end=&#8220;#dd2ec3&#8243; hover_enabled=&#8220;0&#8243; fb_built=&#8220;1&#8243; _i=&#8220;0&#8243; _address=&#8220;0&#8243;][et_pb_row column_structure=&#8220;2_5,3_5&#8243; _builder_version=&#8220;3.29.3&#8243; _i=&#8220;0&#8243; _address=&#8220;0.0&#8243;][et_pb_column type=&#8220;2_5&#8243; _builder_version=&#8220;3.29.3&#8243; _i=&#8220;0&#8243; _address=&#8220;0.0.0&#8243;][et_pb_text _builder_version=&#8220;3.29.3&#8243; text_font=&#8220;ABeeZee|700|||||||&#8220; text_text_color=&#8220;#000000&#8243; header_font=&#8220;ABeeZee|700|||||||&#8220; header_text_color=&#8220;#000000&#8243; _i=&#8220;0&#8243; _address=&#8220;0.0.0.0&#8243;]<\/p>\n<h1>Feiern!<\/h1>\n<p><span>Lasse das Ambiente schon beim Betreten mit einem angenehmen Mix aus Licht- und Musikspiel auf dich wirken um deinen Abend in einer gem\u00fctlichen Mischung aus Trinken, Tanzen und entspannen zu beginnen.<\/span><\/p>\n<p><span>Vergiss den Stress der Woche an unserer Theke.<\/span><\/p>\n<p><span>Unser professionelles Thekenpersonal unterst\u00fctzt dich mit Longdrinks und Bier, aber auch exotischen Cocktails dein Wochenende zu genie\u00dfen, um am Montag wieder Stressfrei in die neue Woche zu starten.<\/span><\/p>\n<p>[\/et_pb_text][\/et_pb_column][et_pb_column type=&#8220;3_5&#8243; _builder_version=&#8220;3.29.3&#8243; _i=&#8220;1&#8243; _address=&#8220;0.0.1&#8243;][et_pb_image src=&#8220;http:\/\/204.155.31.157\/wp-content\/uploads\/2019\/09\/Comodo-Club.jpg&#8220; _builder_version=&#8220;3.29.3&#8243; _i=&#8220;0&#8243; _address=&#8220;0.0.1.0&#8243;][\/et_pb_image][\/et_pb_column][\/et_pb_row][et_pb_row column_structure=&#8220;3_5,2_5&#8243; _builder_version=&#8220;3.29.3&#8243; _i=&#8220;1&#8243; _address=&#8220;0.1&#8243;][et_pb_column type=&#8220;3_5&#8243; _builder_version=&#8220;3.29.3&#8243; _i=&#8220;0&#8243; _address=&#8220;0.1.0&#8243;][et_pb_image src=&#8220;http:\/\/204.155.31.157\/wp-content\/uploads\/2019\/09\/ComodoSeat.jpg&#8220; _builder_version=&#8220;3.29.3&#8243; _i=&#8220;0&#8243; _address=&#8220;0.1.0.0&#8243;][\/et_pb_image][\/et_pb_column][et_pb_column type=&#8220;2_5&#8243; _builder_version=&#8220;3.29.3&#8243; _i=&#8220;1&#8243; _address=&#8220;0.1.1&#8243;][et_pb_text _builder_version=&#8220;3.29.3&#8243; text_font=&#8220;ABeeZee|700|||||||&#8220; text_text_color=&#8220;#000000&#8243; header_font=&#8220;ABeeZee|700|||||||&#8220; _i=&#8220;0&#8243; _address=&#8220;0.1.1.0&#8243;]<\/p>\n<h1>Sitzgelegenheit gef\u00e4llig?<\/h1>\n<p><span>Auch f\u00fcr m\u00fcde F\u00fc\u00dfe nach dem Tanzen ist ausreichend Platz vorhanden.<\/span><\/p>\n<p><span>In unseren gem\u00fctlichen Sitzbereichen kannst du dich entspannen, dein Getr\u00e4nk auf dem Tisch abstellen und dich in eine angenehme Unterhaltung vertiefen.<\/span><\/p>\n<p><span>Auf\u00a0<\/span><span class=\"hiddenSpellError\" onkeypress=\"GERMAN_SPELLER_RULE---#---undefined---#---M\u00f6glicher Rechtschreibfehler gefunden---#---Auf Partyfotos musst du nicht verzichten, in jedem Sitzbereich gibt es mehrere Steckdosen, die du jederzeit nutzen kannst, um Bilder mit deinem Smartphone aufzunehmen, Nummern zu tauschen oder dir nach dem Besuch ein Taxi zu rufen.---#---Handyfotos#Parkfotos#Parteifotos#Partyvolks---#---Partyfotos\">Partyfotos<\/span><span>\u00a0musst du nicht verzichten, in jedem Sitzbereich gibt es mehrere Steckdosen, die du jederzeit nutzen kannst, um Bilder mit deinem Smartphone aufzunehmen, Nummern zu tauschen oder dir nach dem Besuc<\/span><span>h ein Taxi zu rufen.<\/span><\/p>\n<p><span>Selbstverst\u00e4ndlich ist bei uns f\u00fcr kostenfreies WLAN gesorgt, um das Gesamtpaket ideal auf deine Bed\u00fcrfnisse abzustimmen.<\/span><\/p>\n<p>[\/et_pb_text][\/et_pb_column][\/et_pb_row][et_pb_row column_structure=&#8220;1_3,2_3&#8243; _builder_version=&#8220;3.29.3&#8243; _i=&#8220;2&#8243; _address=&#8220;0.2&#8243;][et_pb_column type=&#8220;1_3&#8243; _builder_version=&#8220;3.29.3&#8243; _i=&#8220;0&#8243; _address=&#8220;0.2.0&#8243;][et_pb_text _builder_version=&#8220;3.29.3&#8243; text_font=&#8220;ABeeZee|700|||||||&#8220; text_text_color=&#8220;#000000&#8243; header_font=&#8220;ABeeZee|700|||||||&#8220; header_text_color=&#8220;#000000&#8243; _i=&#8220;0&#8243; _address=&#8220;0.2.0.0&#8243;]<\/p>\n<h1>\u00dcberzeuge dich Selbst<\/h1>\n<p>&nbsp;<\/p>\n<p>[\/et_pb_text][et_pb_text _builder_version=&#8220;3.29.3&#8243; text_font=&#8220;ABeeZee|700|||||||&#8220; text_text_color=&#8220;#000000&#8243; custom_padding=&#8220;||16px|||&#8220; _i=&#8220;1&#8243; _address=&#8220;0.2.0.1&#8243;]<\/p>\n<p><span>Eine gro\u00dfe Auswahl an Getr\u00e4nken, der beste Mix aus Hip-Hop,\u00a0<\/span><span class=\"hiddenSuggestion\" onkeypress=\"GERMAN_SPELLER_RULE---#---undefined---#---Meinten Sie wirklich 'Black' (Sprache: Englisch)?---#---Eine gro\u00dfe Auswahl an Getr\u00e4nken, der beste Mix aus Hip-Hop, Black, RnB und Reggae, super Stimmung und viele feierw\u00fctige gleichgesinnte.---#---Blick#Back#Planck#Blank#Block#Pack#Klack#Bach#Bank#Gl\u00fcck#Placke#Jack#Plackt#Flach#Brach#Beck#Blatt#Blau#Blair#Bloch---#---Black\">Black<\/span><span>,\u00a0<\/span><span class=\"hiddenSpellError\" onkeypress=\"GERMAN_SPELLER_RULE---#---undefined---#---M\u00f6glicher Rechtschreibfehler gefunden---#---Eine gro\u00dfe Auswahl an Getr\u00e4nken, der beste Mix aus Hip-Hop, Black, RnB und Reggae, super Stimmung und viele feierw\u00fctige gleichgesinnte.---#---RB#In#RBB#Und#RGB#An#Ru\u00df#Ab#Gab#Ins#Rund#Ob#Rom#Eng#Uns#Typ#BGB#Ans#DB#Rot---#---RnB\">RnB<\/span><span>\u00a0und\u00a0<\/span><span>Reggae, super Stimmung und viele\u00a0<\/span><span class=\"hiddenSpellError\" onkeypress=\"GERMAN_SPELLER_RULE---#---undefined---#---M\u00f6glicher Rechtschreibfehler gefunden---#---Eine gro\u00dfe Auswahl an Getr\u00e4nken, der beste Mix aus Hip-Hop, Black, RnB und Reggae, super Stimmung und viele feierw\u00fctige gleichgesinnte.---#------#---feierw\u00fctige\">feierw\u00fctige<\/span><span>\u00a0gleichgesinnte.<\/span><\/p>\n<p>&nbsp;<\/p>\n<p>Hier startet dein Wochenende!<\/p>\n<p>[\/et_pb_text][\/et_pb_column][et_pb_column type=&#8220;2_3&#8243; _builder_version=&#8220;3.29.3&#8243; _i=&#8220;1&#8243; _address=&#8220;0.2.1&#8243;][et_pb_video src=&#8220;http:\/\/204.155.31.157\/wp-content\/uploads\/2019\/10\/WhatsApp-Video-2019-01-15-at-14.40.34.mp4&#8243; _builder_version=&#8220;3.29.3&#8243; custom_margin=&#8220;|||132px||&#8220; _i=&#8220;0&#8243; _address=&#8220;0.2.1.0&#8243;][\/et_pb_video][\/et_pb_column][\/et_pb_row][\/et_pb_section]<\/p>\n","protected":false},"excerpt":{"rendered":"<p>Feiern! Lasse das Ambiente schon beim Betreten mit einem angenehmen Mix aus Licht- und Musikspiel auf dich wirken um deinen Abend in einer gem\u00fctlichen Mischung aus Trinken, Tanzen und entspannen zu beginnen. Vergiss den Stress der Woche an unserer Theke. Unser professionelles Thekenpersonal unterst\u00fctzt dich mit Longdrinks und Bier, aber auch exotischen Cocktails dein Wochenende [&hellip;]<\/p>\n","protected":false},"author":1,"featured_media":0,"parent":0,"menu_order":0,"comment_status":"closed","ping_status":"closed","template":"","meta":{"_et_pb_use_builder":"on","_et_pb_old_content":"","_et_gb_content_width":"","footnotes":""},"class_list":["post-30278","page","type-page","status-publish","hentry"],"_links":{"self":[{"href":"https:\/\/comodo-mainz.de\/index.php?rest_route=\/wp\/v2\/pages\/30278","targetHints":{"allow":["GET"]}}],"collection":[{"href":"https:\/\/comodo-mainz.de\/index.php?rest_route=\/wp\/v2\/pages"}],"about":[{"href":"https:\/\/comodo-mainz.de\/index.php?rest_route=\/wp\/v2\/types\/page"}],"author":[{"embeddable":true,"href":"https:\/\/comodo-mainz.de\/index.php?rest_route=\/wp\/v2\/users\/1"}],"replies":[{"embeddable":true,"href":"https:\/\/comodo-mainz.de\/index.php?rest_route=%2Fwp%2Fv2%2Fcomments&post=30278"}],"version-history":[{"count":6,"href":"https:\/\/comodo-mainz.de\/index.php?rest_route=\/wp\/v2\/pages\/30278\/revisions"}],"predecessor-version":[{"id":30330,"href":"https:\/\/comodo-mainz.de\/index.php?rest_route=\/wp\/v2\/pages\/30278\/revisions\/30330"}],"wp:attachment":[{"href":"https:\/\/comodo-mainz.de\/index.php?rest_route=%2Fwp%2Fv2%2Fmedia&parent=30278"}],"curies":[{"name":"wp","href":"https:\/\/api.w.org\/{rel}","templated":true}]}}