{"id":30334,"date":"2019-10-03T20:55:45","date_gmt":"2019-10-03T18:55:45","guid":{"rendered":"http:\/\/204.155.31.157\/?page_id=30334"},"modified":"2019-10-25T11:37:34","modified_gmt":"2019-10-25T09:37:34","slug":"galerie","status":"publish","type":"page","link":"https:\/\/comodo-mainz.de\/?page_id=30334","title":{"rendered":"Galerie"},"content":{"rendered":"<p>[et_pb_section fb_built=&#8220;1&#8243; _builder_version=&#8220;3.29.3&#8243; use_background_color_gradient=&#8220;on&#8220; background_color_gradient_start=&#8220;#ffffff&#8220; background_color_gradient_end=&#8220;#dd2ec3&#8243; custom_padding=&#8220;||284px|||&#8220; fb_built=&#8220;1&#8243; _i=&#8220;0&#8243; _address=&#8220;0&#8243;][et_pb_row column_structure=&#8220;1_3,1_3,1_3&#8243; _builder_version=&#8220;3.29.3&#8243; _i=&#8220;0&#8243; _address=&#8220;0.0&#8243;][et_pb_column type=&#8220;1_3&#8243; _builder_version=&#8220;3.29.3&#8243; _i=&#8220;0&#8243; _address=&#8220;0.0.0&#8243;][et_pb_text _builder_version=&#8220;3.29.3&#8243; text_font=&#8220;ABeeZee|700|||||||&#8220; text_text_color=&#8220;#000000&#8243; header_font=&#8220;ABeeZee|700|||||||&#8220; header_text_color=&#8220;#000000&#8243; _i=&#8220;0&#8243; _address=&#8220;0.0.0.0&#8243;]<\/p>\n<h1 style=\"text-align: center;\">Galerie<\/h1>\n<p><span>Unsere Galerie ist auf Facebook hinterlegt.<\/span><\/p>\n<p><span>Hier findest du alle Fotos der\u00a0<\/span><span>letzten<\/span><span>\u00a0Veranstaltungen.<\/span><\/p>\n<p><span>Sollte ein Foto dabei\u00a0<\/span><span>sein, welches<\/span><span>\u00a0du gel\u00f6scht haben m\u00f6chtest sende uns eine Nachricht \u00fcber Facebook oder f\u00fclle unser Formular aus.<\/span><\/p>\n<p>[\/et_pb_text][\/et_pb_column][et_pb_column type=&#8220;1_3&#8243; _builder_version=&#8220;3.29.3&#8243; _i=&#8220;1&#8243; _address=&#8220;0.0.1&#8243;][\/et_pb_column][et_pb_column type=&#8220;1_3&#8243; _builder_version=&#8220;3.29.3&#8243; _i=&#8220;2&#8243; _address=&#8220;0.0.2&#8243;][et_pb_divider _builder_version=&#8220;3.29.3&#8243; custom_padding=&#8220;||11px|||&#8220; _i=&#8220;0&#8243; _address=&#8220;0.0.2.0&#8243;][\/et_pb_divider][et_pb_button button_text=&#8220;Zur Gallerie&#8220; _builder_version=&#8220;3.29.3&#8243; custom_button=&#8220;on&#8220; button_text_color=&#8220;#000000&#8243; button_bg_color=&#8220;rgba(0,0,0,0)&#8220; button_border_color=&#8220;#000000&#8243; button_icon=&#8220;%%291%%&#8220; button_icon_placement=&#8220;left&#8220; button_on_hover=&#8220;off&#8220; hover_enabled=&#8220;0&#8243; button_bg_enable_color=&#8220;on&#8220; _i=&#8220;1&#8243; _address=&#8220;0.0.2.1&#8243; button_url=&#8220;https:\/\/www.facebook.com\/comodobarmainz&#8220;][\/et_pb_button][\/et_pb_column][\/et_pb_row][et_pb_row _builder_version=&#8220;3.29.3&#8243; _i=&#8220;1&#8243; _address=&#8220;0.1&#8243;][et_pb_column type=&#8220;4_4&#8243; _builder_version=&#8220;3.29.3&#8243; _i=&#8220;0&#8243; _address=&#8220;0.1.0&#8243;][et_pb_text _builder_version=&#8220;3.29.3&#8243; text_font=&#8220;ABeeZee|700|||||||&#8220; text_text_color=&#8220;#000000&#8243; box_shadow_style=&#8220;preset6&#8243; _i=&#8220;0&#8243; _address=&#8220;0.1.0.0&#8243;]<\/p>\n<p><span>Wichtig ist, dass du uns in beiden F\u00e4llen, den Link mit der URL zu dem Bild zusendest.<\/span><\/p>\n<p><span>Die URL kannst du einfach aus der Browser Leiste kopieren, wenn du das Bild ge\u00f6ffnet hast oder auf dem Smartphone \u00fcber Teilen \u2192 Link kopieren.<\/span><\/p>\n<p>[\/et_pb_text][et_pb_contact_form _builder_version=&#8220;3.29.3&#8243; captcha_text_color=&#8220;#000000&#8243; custom_button=&#8220;on&#8220; button_text_color=&#8220;#000000&#8243; hover_enabled=&#8220;0&#8243; _i=&#8220;1&#8243; _address=&#8220;0.1.0.1&#8243; title=&#8220;R\u00fcckfragen zur Galerie&#8220; success_message=&#8220;Die Nachricht wurde erfolgreich gesendet&#8220; submit_button_text=&#8220;Senden&#8220; email=&#8220;info@comodo-mainz.de&#8220;][et_pb_contact_field field_id=&#8220;Name&#8220; field_title=&#8220;Name&#8220; _builder_version=&#8220;3.16&#8243; _i=&#8220;0&#8243; _address=&#8220;0.1.0.1.0&#8243; button_text_size__hover_enabled=&#8220;off&#8220; button_one_text_size__hover_enabled=&#8220;off&#8220; button_two_text_size__hover_enabled=&#8220;off&#8220; button_text_color__hover_enabled=&#8220;off&#8220; button_one_text_color__hover_enabled=&#8220;off&#8220; button_two_text_color__hover_enabled=&#8220;off&#8220; button_border_width__hover_enabled=&#8220;off&#8220; button_one_border_width__hover_enabled=&#8220;off&#8220; button_two_border_width__hover_enabled=&#8220;off&#8220; button_border_color__hover_enabled=&#8220;off&#8220; button_one_border_color__hover_enabled=&#8220;off&#8220; button_two_border_color__hover_enabled=&#8220;off&#8220; button_border_radius__hover_enabled=&#8220;off&#8220; button_one_border_radius__hover_enabled=&#8220;off&#8220; button_two_border_radius__hover_enabled=&#8220;off&#8220; button_letter_spacing__hover_enabled=&#8220;off&#8220; button_one_letter_spacing__hover_enabled=&#8220;off&#8220; button_two_letter_spacing__hover_enabled=&#8220;off&#8220; button_bg_color__hover_enabled=&#8220;off&#8220; button_one_bg_color__hover_enabled=&#8220;off&#8220; button_two_bg_color__hover_enabled=&#8220;off&#8220;][\/et_pb_contact_field][et_pb_contact_field field_id=&#8220;Email&#8220; field_title=&#8220;E-Mail-Adresse&#8220; field_type=&#8220;email&#8220; _builder_version=&#8220;3.16&#8243; _i=&#8220;1&#8243; _address=&#8220;0.1.0.1.1&#8243; button_text_size__hover_enabled=&#8220;off&#8220; button_one_text_size__hover_enabled=&#8220;off&#8220; button_two_text_size__hover_enabled=&#8220;off&#8220; button_text_color__hover_enabled=&#8220;off&#8220; button_one_text_color__hover_enabled=&#8220;off&#8220; button_two_text_color__hover_enabled=&#8220;off&#8220; button_border_width__hover_enabled=&#8220;off&#8220; button_one_border_width__hover_enabled=&#8220;off&#8220; button_two_border_width__hover_enabled=&#8220;off&#8220; button_border_color__hover_enabled=&#8220;off&#8220; button_one_border_color__hover_enabled=&#8220;off&#8220; button_two_border_color__hover_enabled=&#8220;off&#8220; button_border_radius__hover_enabled=&#8220;off&#8220; button_one_border_radius__hover_enabled=&#8220;off&#8220; button_two_border_radius__hover_enabled=&#8220;off&#8220; button_letter_spacing__hover_enabled=&#8220;off&#8220; button_one_letter_spacing__hover_enabled=&#8220;off&#8220; button_two_letter_spacing__hover_enabled=&#8220;off&#8220; button_bg_color__hover_enabled=&#8220;off&#8220; button_one_bg_color__hover_enabled=&#8220;off&#8220; button_two_bg_color__hover_enabled=&#8220;off&#8220;][\/et_pb_contact_field][et_pb_contact_field field_id=&#8220;Link&#8220; field_title=&#8220;Link zum Bild&#8220; fullwidth_field=&#8220;on&#8220; _builder_version=&#8220;3.29.3&#8243; _i=&#8220;2&#8243; _address=&#8220;0.1.0.1.2&#8243;][\/et_pb_contact_field][et_pb_contact_field field_id=&#8220;Message&#8220; field_title=&#8220;Nachricht&#8220; field_type=&#8220;text&#8220; fullwidth_field=&#8220;on&#8220; _builder_version=&#8220;3.16&#8243; _i=&#8220;3&#8243; _address=&#8220;0.1.0.1.3&#8243; button_text_size__hover_enabled=&#8220;off&#8220; button_one_text_size__hover_enabled=&#8220;off&#8220; button_two_text_size__hover_enabled=&#8220;off&#8220; button_text_color__hover_enabled=&#8220;off&#8220; button_one_text_color__hover_enabled=&#8220;off&#8220; button_two_text_color__hover_enabled=&#8220;off&#8220; button_border_width__hover_enabled=&#8220;off&#8220; button_one_border_width__hover_enabled=&#8220;off&#8220; button_two_border_width__hover_enabled=&#8220;off&#8220; button_border_color__hover_enabled=&#8220;off&#8220; button_one_border_color__hover_enabled=&#8220;off&#8220; button_two_border_color__hover_enabled=&#8220;off&#8220; button_border_radius__hover_enabled=&#8220;off&#8220; button_one_border_radius__hover_enabled=&#8220;off&#8220; button_two_border_radius__hover_enabled=&#8220;off&#8220; button_letter_spacing__hover_enabled=&#8220;off&#8220; button_one_letter_spacing__hover_enabled=&#8220;off&#8220; button_two_letter_spacing__hover_enabled=&#8220;off&#8220; button_bg_color__hover_enabled=&#8220;off&#8220; button_one_bg_color__hover_enabled=&#8220;off&#8220; button_two_bg_color__hover_enabled=&#8220;off&#8220;][\/et_pb_contact_field][\/et_pb_contact_form][\/et_pb_column][\/et_pb_row][\/et_pb_section]<\/p>\n","protected":false},"excerpt":{"rendered":"<p>Galerie Unsere Galerie ist auf Facebook hinterlegt. Hier findest du alle Fotos der\u00a0letzten\u00a0Veranstaltungen. Sollte ein Foto dabei\u00a0sein, welches\u00a0du gel\u00f6scht haben m\u00f6chtest sende uns eine Nachricht \u00fcber Facebook oder f\u00fclle unser Formular aus.Wichtig ist, dass du uns in beiden F\u00e4llen, den Link mit der URL zu dem Bild zusendest. Die URL kannst du einfach aus der [&hellip;]<\/p>\n","protected":false},"author":1,"featured_media":0,"parent":0,"menu_order":0,"comment_status":"closed","ping_status":"closed","template":"","meta":{"_et_pb_use_builder":"on","_et_pb_old_content":"","_et_gb_content_width":"","footnotes":""},"class_list":["post-30334","page","type-page","status-publish","hentry"],"_links":{"self":[{"href":"https:\/\/comodo-mainz.de\/index.php?rest_route=\/wp\/v2\/pages\/30334","targetHints":{"allow":["GET"]}}],"collection":[{"href":"https:\/\/comodo-mainz.de\/index.php?rest_route=\/wp\/v2\/pages"}],"about":[{"href":"https:\/\/comodo-mainz.de\/index.php?rest_route=\/wp\/v2\/types\/page"}],"author":[{"embeddable":true,"href":"https:\/\/comodo-mainz.de\/index.php?rest_route=\/wp\/v2\/users\/1"}],"replies":[{"embeddable":true,"href":"https:\/\/comodo-mainz.de\/index.php?rest_route=%2Fwp%2Fv2%2Fcomments&post=30334"}],"version-history":[{"count":6,"href":"https:\/\/comodo-mainz.de\/index.php?rest_route=\/wp\/v2\/pages\/30334\/revisions"}],"predecessor-version":[{"id":30410,"href":"https:\/\/comodo-mainz.de\/index.php?rest_route=\/wp\/v2\/pages\/30334\/revisions\/30410"}],"wp:attachment":[{"href":"https:\/\/comodo-mainz.de\/index.php?rest_route=%2Fwp%2Fv2%2Fmedia&parent=30334"}],"curies":[{"name":"wp","href":"https:\/\/api.w.org\/{rel}","templated":true}]}}